{"id":173,"date":"2023-02-28T18:53:44","date_gmt":"2023-02-28T21:53:44","guid":{"rendered":"https:\/\/edyrio.com\/abcpampa\/?page_id=173"},"modified":"2023-02-28T18:53:44","modified_gmt":"2023-02-28T21:53:44","slug":"a-origem-da-raca-pampa","status":"publish","type":"page","link":"https:\/\/edyrio.com\/abcpampa\/a-origem-da-raca-pampa\/","title":{"rendered":"A Origem da Ra\u00e7a Pampa"},"content":{"rendered":"\n<p>O Pampa conquistou fama mundial ao desempenhar seu papel de <em>\u201cbandido\u201d<\/em> nos filmes americanos de western e de guerra entre ex\u00e9rcitos e \u00edndios. Montados pelos \u00edndios, geralmente a p\u00ealo, estes cavalos coloridos, aut\u00eanticos mustangs das pradarias americanas, ainda hoje encantam olhares de milh\u00f5es de telespectadores em todo o mundo, seja pela beleza de sua pelagem e conforma\u00e7\u00e3o, pela coragem, a velocidade, a agilidade.<\/p>\n\n\n\n<p>Como ra\u00e7a, o cavalo Pampa j\u00e1 \u00e9 mundialmente reconhecido atrav\u00e9s do <em>\u201cPaint Horse\u201d<\/em>, o Pampa americano de tipo Quarto de Milha, ou pelo nome de <em>\u201cPinto\u201d<\/em> (palavra de origem espanhola). A diferen\u00e7a principal entre ambos \u00e9 que o <em>\u201cPinto\u201d<\/em> n\u00e3o apresenta o tipo morfol\u00f3gico para o trabalho, que caracteriza a conforma\u00e7\u00e3o do cavalo Quarto de Milha.<\/p>\n\n\n\n<p>A origem do Pampa americano, data de 1519, quando o explorador espanhol Hermando C\u00f4rtes trouxe para o continente americano uma tropa composta de 16 cavalos de guerra, entre os quais havia um branco com manchas escuras no ventre. Do cruzamento deste animal manchado com os nativos mustangs americanos originaram-se os cavalos <em>\u201cPinto\u201d<\/em> e <em>\u201cPaint\u201d<\/em>.<\/p>\n\n\n\n<p>Povoado por manadas de cavalos selvagens, o oeste americano foi desbravado nas patas de cavalos pampas com suas pelagens alegres, tornando-se as montarias de prefer\u00eancia dos \u00edndios e, particularmente, dos \u00edndios Comanches, famosos pelas suas ex\u00edmias habilidades como cavaleiros do oeste americano, mais velozes do que as cavalarias, dilig\u00eancias e trens. Os \u00edndios Comanches idolatravam os cavalos Pampas, acreditando serem os favoritos dos Deuses.<\/p>\n\n\n\n<p>No Brasil, n\u00e3o h\u00e1 registro de uma data precisa da primeira introdu\u00e7\u00e3o de animais pampas, mas acredita-se que a pelagem foi introduzida atrav\u00e9s de alguns poucos cavalos de origem berbere, trazidos pelos colonizadores portugueses e, principalmente, pelos cavalos holandeses, quando da invas\u00e3o de Pernambuco. Com estas ra\u00e7as, tamb\u00e9m foi introduzido no Brasil um tipo de andamento naturalmente marchado, raz\u00e3o pela qual o Pampa brasileiro apresenta, al\u00e9m de suas bel\u00edssimas variedades de pelagens, outro relevante fator diferencial de mercado: a marcha. Esta caracter\u00edstica funcional qualifica o cavalo Pampa nacional como um equino ideal para o lazer \u2013 passeios, turismo equestre, cavalgadas, enduros de regularidade. No mercado internacional, um Pampa marchador \u00e9 uma \u201cjoia\u201d de inestim\u00e1vel valor, e raridade!<\/p>\n\n\n\n<p>A origem do nome pampa \u00e9 a seguinte: Em meados do s\u00e9culo XIX o brigadeiro Rafael Tobias Aguiar, vencido na revolta da prov\u00edncia de Sorocaba, interior de S\u00e3o Paulo, fugiu com seu ex\u00e9rcito para o Rio Grande do Sul, onde aderiu \u00e0 batalha dos Farrapos. A maioria dos soldados montavam cavalos pampas, inicialmente conhecidos no sul como tobianos. Quando do retorno \u00e0 S\u00e3o Paulo, estes cavalos passaram a ser gradualmente conhecidos no resto do pa\u00eds como os cavalos dos <em>\u201cPampas\u201d<\/em> (codinome do Estado do Rio Grande do Sul).<\/p>\n\n\n\n<p>Ao contr\u00e1rio dos objetivos da APHA \u2013 American Paint Horse Association, a ABCPAMPA \u2013 Associa\u00e7\u00e3o Brasileira dos Criadores do Cavalo Pampa, n\u00e3o registra animais descendentes do Quarto de Milha e, praticamente, de todas as ra\u00e7as ex\u00f3ticas, a fim de n\u00e3o descaracterizar o tipo morfol\u00f3gico do Pampa nacional. O cavalo pampa brasileiro est\u00e1 sendo formado com base em um padr\u00e3o morfol\u00f3gico internacional tipo sela, preservando-se todas as modalidades de andamentos, que exprimem o real significado de um animal de destinado a diversas funcionalidades.<\/p>\n","protected":false},"excerpt":{"rendered":"<p>O Pampa conquistou fama mundial ao desempenhar seu papel de \u201cbandido\u201d nos filmes americanos de western e de guerra entre ex\u00e9rcitos e \u00edndios. Montados pelos \u00edndios, geralmente a p\u00ealo, estes cavalos coloridos, aut\u00eanticos mustangs das pradarias americanas, ainda hoje encantam olhares de milh\u00f5es de telespectadores em todo o mundo, seja pela beleza de sua pelagem [&hellip;]<\/p>\n","protected":false},"author":3,"featured_media":0,"parent":0,"menu_order":0,"comment_status":"closed","ping_status":"closed","template":"","meta":{"footnotes":""},"class_list":["post-173","page","type-page","status-publish","hentry"],"yoast_head":"<!-- This site is optimized with the Yoast SEO plugin v20.5 - https:\/\/yoast.com\/wordpress\/plugins\/seo\/ -->\n<title>A Origem da Ra\u00e7a Pampa - Associa\u00e7\u00e3o Brasileira dos Criadores do Cavalo Pampa - ABCPAMPA<\/title>\n<meta name=\"robots\" content=\"index, follow, max-snippet:-1, max-image-preview:large, max-video-preview:-1\" \/>\n<link rel=\"canonical\" href=\"https:\/\/edyrio.com\/abcpampa\/a-origem-da-raca-pampa\/\" \/>\n<meta property=\"og:locale\" content=\"pt_BR\" \/>\n<meta property=\"og:type\" content=\"article\" \/>\n<meta property=\"og:title\" content=\"A Origem da Ra\u00e7a Pampa - Associa\u00e7\u00e3o Brasileira dos Criadores do Cavalo Pampa - ABCPAMPA\" \/>\n<meta property=\"og:description\" content=\"O Pampa conquistou fama mundial ao desempenhar seu papel de \u201cbandido\u201d nos filmes americanos de western e de guerra entre ex\u00e9rcitos e \u00edndios. Montados pelos \u00edndios, geralmente a p\u00ealo, estes cavalos coloridos, aut\u00eanticos mustangs das pradarias americanas, ainda hoje encantam olhares de milh\u00f5es de telespectadores em todo o mundo, seja pela beleza de sua pelagem [&hellip;]\" \/>\n<meta property=\"og:url\" content=\"https:\/\/edyrio.com\/abcpampa\/a-origem-da-raca-pampa\/\" \/>\n<meta property=\"og:site_name\" content=\"Associa\u00e7\u00e3o Brasileira dos Criadores do Cavalo Pampa - ABCPAMPA\" \/>\n<meta property=\"article:publisher\" content=\"https:\/\/www.facebook.com\/abcpampa\/\" \/>\n<meta name=\"twitter:card\" content=\"summary_large_image\" \/>\n<meta name=\"twitter:label1\" content=\"Est. tempo de leitura\" \/>\n\t<meta name=\"twitter:data1\" content=\"3 minutos\" \/>\n<script type=\"application\/ld+json\" class=\"yoast-schema-graph\">{\"@context\":\"https:\/\/schema.org\",\"@graph\":[{\"@type\":\"WebPage\",\"@id\":\"https:\/\/edyrio.com\/abcpampa\/a-origem-da-raca-pampa\/\",\"url\":\"https:\/\/edyrio.com\/abcpampa\/a-origem-da-raca-pampa\/\",\"name\":\"A Origem da Ra\u00e7a Pampa - Associa\u00e7\u00e3o Brasileira dos Criadores do Cavalo Pampa - ABCPAMPA\",\"isPartOf\":{\"@id\":\"https:\/\/edyrio.com\/abcpampa\/#website\"},\"datePublished\":\"2023-02-28T21:53:44+00:00\",\"dateModified\":\"2023-02-28T21:53:44+00:00\",\"breadcrumb\":{\"@id\":\"https:\/\/edyrio.com\/abcpampa\/a-origem-da-raca-pampa\/#breadcrumb\"},\"inLanguage\":\"pt-BR\",\"potentialAction\":[{\"@type\":\"ReadAction\",\"target\":[\"https:\/\/edyrio.com\/abcpampa\/a-origem-da-raca-pampa\/\"]}]},{\"@type\":\"BreadcrumbList\",\"@id\":\"https:\/\/edyrio.com\/abcpampa\/a-origem-da-raca-pampa\/#breadcrumb\",\"itemListElement\":[{\"@type\":\"ListItem\",\"position\":1,\"name\":\"In\u00edcio\",\"item\":\"https:\/\/edyrio.com\/abcpampa\/\"},{\"@type\":\"ListItem\",\"position\":2,\"name\":\"A Origem da Ra\u00e7a Pampa\"}]},{\"@type\":\"WebSite\",\"@id\":\"https:\/\/edyrio.com\/abcpampa\/#website\",\"url\":\"https:\/\/edyrio.com\/abcpampa\/\",\"name\":\"ABCPAMPA - Associa\u00e7\u00e3o Brasileira dos Criadores do Cavalo Pampa\",\"description\":\"Associa\u00e7\u00e3o foi criada para fomentar a cria\u00e7\u00e3o do cavalo Pampa em todo o pa\u00eds, congregando criadores, propriet\u00e1rios e usu\u00e1rios, realizando e supervisionando o Servi\u00e7o de Registro Geneal\u00f3gico, promovendo exposi\u00e7\u00f5es e leil\u00f5es, apoiando pesquisas, simp\u00f3sios, congressos e semin\u00e1rios em torno do cavalo Pampa.\",\"publisher\":{\"@id\":\"https:\/\/edyrio.com\/abcpampa\/#organization\"},\"potentialAction\":[{\"@type\":\"SearchAction\",\"target\":{\"@type\":\"EntryPoint\",\"urlTemplate\":\"https:\/\/edyrio.com\/abcpampa\/?s={search_term_string}\"},\"query-input\":\"required name=search_term_string\"}],\"inLanguage\":\"pt-BR\"},{\"@type\":\"Organization\",\"@id\":\"https:\/\/edyrio.com\/abcpampa\/#organization\",\"name\":\"ABCPAMPA - Associa\u00e7\u00e3o Brasileira dos Criadores do Cavalo Pampa\",\"url\":\"https:\/\/edyrio.com\/abcpampa\/\",\"logo\":{\"@type\":\"ImageObject\",\"inLanguage\":\"pt-BR\",\"@id\":\"https:\/\/edyrio.com\/abcpampa\/#\/schema\/logo\/image\/\",\"url\":\"https:\/\/edyrio.com\/abcpampa\/wp-content\/uploads\/2023\/02\/logo.png\",\"contentUrl\":\"https:\/\/edyrio.com\/abcpampa\/wp-content\/uploads\/2023\/02\/logo.png\",\"width\":2366,\"height\":624,\"caption\":\"ABCPAMPA - Associa\u00e7\u00e3o Brasileira dos Criadores do Cavalo Pampa\"},\"image\":{\"@id\":\"https:\/\/edyrio.com\/abcpampa\/#\/schema\/logo\/image\/\"},\"sameAs\":[\"https:\/\/www.facebook.com\/abcpampa\/\",\"https:\/\/www.youtube.com\/user\/abcpampa\"]}]}<\/script>\n<!-- \/ Yoast SEO plugin. -->","yoast_head_json":{"title":"A Origem da Ra\u00e7a Pampa - Associa\u00e7\u00e3o Brasileira dos Criadores do Cavalo Pampa - ABCPAMPA","robots":{"index":"index","follow":"follow","max-snippet":"max-snippet:-1","max-image-preview":"max-image-preview:large","max-video-preview":"max-video-preview:-1"},"canonical":"https:\/\/edyrio.com\/abcpampa\/a-origem-da-raca-pampa\/","og_locale":"pt_BR","og_type":"article","og_title":"A Origem da Ra\u00e7a Pampa - Associa\u00e7\u00e3o Brasileira dos Criadores do Cavalo Pampa - ABCPAMPA","og_description":"O Pampa conquistou fama mundial ao desempenhar seu papel de \u201cbandido\u201d nos filmes americanos de western e de guerra entre ex\u00e9rcitos e \u00edndios. Montados pelos \u00edndios, geralmente a p\u00ealo, estes cavalos coloridos, aut\u00eanticos mustangs das pradarias americanas, ainda hoje encantam olhares de milh\u00f5es de telespectadores em todo o mundo, seja pela beleza de sua pelagem [&hellip;]","og_url":"https:\/\/edyrio.com\/abcpampa\/a-origem-da-raca-pampa\/","og_site_name":"Associa\u00e7\u00e3o Brasileira dos Criadores do Cavalo Pampa - ABCPAMPA","article_publisher":"https:\/\/www.facebook.com\/abcpampa\/","twitter_card":"summary_large_image","twitter_misc":{"Est. tempo de leitura":"3 minutos"},"schema":{"@context":"https:\/\/schema.org","@graph":[{"@type":"WebPage","@id":"https:\/\/edyrio.com\/abcpampa\/a-origem-da-raca-pampa\/","url":"https:\/\/edyrio.com\/abcpampa\/a-origem-da-raca-pampa\/","name":"A Origem da Ra\u00e7a Pampa - Associa\u00e7\u00e3o Brasileira dos Criadores do Cavalo Pampa - ABCPAMPA","isPartOf":{"@id":"https:\/\/edyrio.com\/abcpampa\/#website"},"datePublished":"2023-02-28T21:53:44+00:00","dateModified":"2023-02-28T21:53:44+00:00","breadcrumb":{"@id":"https:\/\/edyrio.com\/abcpampa\/a-origem-da-raca-pampa\/#breadcrumb"},"inLanguage":"pt-BR","potentialAction":[{"@type":"ReadAction","target":["https:\/\/edyrio.com\/abcpampa\/a-origem-da-raca-pampa\/"]}]},{"@type":"BreadcrumbList","@id":"https:\/\/edyrio.com\/abcpampa\/a-origem-da-raca-pampa\/#breadcrumb","itemListElement":[{"@type":"ListItem","position":1,"name":"In\u00edcio","item":"https:\/\/edyrio.com\/abcpampa\/"},{"@type":"ListItem","position":2,"name":"A Origem da Ra\u00e7a Pampa"}]},{"@type":"WebSite","@id":"https:\/\/edyrio.com\/abcpampa\/#website","url":"https:\/\/edyrio.com\/abcpampa\/","name":"ABCPAMPA - Associa\u00e7\u00e3o Brasileira dos Criadores do Cavalo Pampa","description":"Associa\u00e7\u00e3o foi criada para fomentar a cria\u00e7\u00e3o do cavalo Pampa em todo o pa\u00eds, congregando criadores, propriet\u00e1rios e usu\u00e1rios, realizando e supervisionando o Servi\u00e7o de Registro Geneal\u00f3gico, promovendo exposi\u00e7\u00f5es e leil\u00f5es, apoiando pesquisas, simp\u00f3sios, congressos e semin\u00e1rios em torno do cavalo Pampa.","publisher":{"@id":"https:\/\/edyrio.com\/abcpampa\/#organization"},"potentialAction":[{"@type":"SearchAction","target":{"@type":"EntryPoint","urlTemplate":"https:\/\/edyrio.com\/abcpampa\/?s={search_term_string}"},"query-input":"required name=search_term_string"}],"inLanguage":"pt-BR"},{"@type":"Organization","@id":"https:\/\/edyrio.com\/abcpampa\/#organization","name":"ABCPAMPA - Associa\u00e7\u00e3o Brasileira dos Criadores do Cavalo Pampa","url":"https:\/\/edyrio.com\/abcpampa\/","logo":{"@type":"ImageObject","inLanguage":"pt-BR","@id":"https:\/\/edyrio.com\/abcpampa\/#\/schema\/logo\/image\/","url":"https:\/\/edyrio.com\/abcpampa\/wp-content\/uploads\/2023\/02\/logo.png","contentUrl":"https:\/\/edyrio.com\/abcpampa\/wp-content\/uploads\/2023\/02\/logo.png","width":2366,"height":624,"caption":"ABCPAMPA - Associa\u00e7\u00e3o Brasileira dos Criadores do Cavalo Pampa"},"image":{"@id":"https:\/\/edyrio.com\/abcpampa\/#\/schema\/logo\/image\/"},"sameAs":["https:\/\/www.facebook.com\/abcpampa\/","https:\/\/www.youtube.com\/user\/abcpampa"]}]}},"_links":{"self":[{"href":"https:\/\/edyrio.com\/abcpampa\/wp-json\/wp\/v2\/pages\/173","targetHints":{"allow":["GET"]}}],"collection":[{"href":"https:\/\/edyrio.com\/abcpampa\/wp-json\/wp\/v2\/pages"}],"about":[{"href":"https:\/\/edyrio.com\/abcpampa\/wp-json\/wp\/v2\/types\/page"}],"author":[{"embeddable":true,"href":"https:\/\/edyrio.com\/abcpampa\/wp-json\/wp\/v2\/users\/3"}],"replies":[{"embeddable":true,"href":"https:\/\/edyrio.com\/abcpampa\/wp-json\/wp\/v2\/comments?post=173"}],"version-history":[{"count":0,"href":"https:\/\/edyrio.com\/abcpampa\/wp-json\/wp\/v2\/pages\/173\/revisions"}],"wp:attachment":[{"href":"https:\/\/edyrio.com\/abcpampa\/wp-json\/wp\/v2\/media?parent=173"}],"curies":[{"name":"wp","href":"https:\/\/api.w.org\/{rel}","templated":true}]}}