{"id":177,"date":"2023-02-28T19:16:32","date_gmt":"2023-02-28T22:16:32","guid":{"rendered":"https:\/\/edyrio.com\/abcpampa\/?page_id=177"},"modified":"2023-04-13T18:54:38","modified_gmt":"2023-04-13T21:54:38","slug":"tipo-de-andamento-da-raca-pampa","status":"publish","type":"page","link":"https:\/\/edyrio.com\/abcpampa\/tipo-de-andamento-da-raca-pampa\/","title":{"rendered":"Tipo de Andamento da Ra\u00e7a Pampa"},"content":{"rendered":"\t\t<div data-elementor-type=\"wp-page\" data-elementor-id=\"177\" class=\"elementor elementor-177\">\n\t\t\t\t\t\t\t<div class=\"elementor-element elementor-element-936c59a e-con-boxed e-con\" data-id=\"936c59a\" data-element_type=\"container\" data-settings=\"{&quot;content_width&quot;:&quot;boxed&quot;}\">\n\t\t\t\t\t<div class=\"e-con-inner\">\n\t\t<div class=\"elementor-element elementor-element-3b20eee e-con-boxed e-con\" data-id=\"3b20eee\" data-element_type=\"container\" data-settings=\"{&quot;background_background&quot;:&quot;classic&quot;,&quot;content_width&quot;:&quot;boxed&quot;}\">\n\t\t\t\t\t<div class=\"e-con-inner\">\n\t\t\t\t<div class=\"elementor-element elementor-element-c032458 elementor-widget elementor-widget-video\" data-id=\"c032458\" data-element_type=\"widget\" data-settings=\"{&quot;video_type&quot;:&quot;vimeo&quot;}\" data-widget_type=\"video.default\">\n\t\t\t\t<div class=\"elementor-widget-container\">\n\t\t\t<style>\/*! elementor - v3.12.1 - 02-04-2023 *\/\n.elementor-widget-video .elementor-widget-container{overflow:hidden;transform:translateZ(0)}.elementor-widget-video .elementor-wrapper iframe,.elementor-widget-video .elementor-wrapper video{height:100%;width:100%;display:flex;border:none;background-color:#000}.elementor-widget-video .elementor-open-inline .elementor-custom-embed-image-overlay{position:absolute;top:0;left:0;width:100%;height:100%;background-size:cover;background-position:50%}.elementor-widget-video .elementor-custom-embed-image-overlay{cursor:pointer;text-align:center}.elementor-widget-video .elementor-custom-embed-image-overlay:hover .elementor-custom-embed-play i{opacity:1}.elementor-widget-video .elementor-custom-embed-image-overlay img{display:block;width:100%}.elementor-widget-video .e-hosted-video .elementor-video{-o-object-fit:cover;object-fit:cover}.e-con-inner>.elementor-widget-video,.e-con>.elementor-widget-video{width:var(--container-widget-width);--flex-grow:var(--container-widget-flex-grow)}<\/style>\t\t<div class=\"elementor-wrapper elementor-open-inline\">\n\t\t\t<iframe class=\"elementor-video-iframe\" allowfullscreen title=\"Player de V\u00eddeo vimeo\" src=\"https:\/\/player.vimeo.com\/video\/69350177?color&amp;autopause=0&amp;loop=0&amp;muted=0&amp;title=0&amp;portrait=0&amp;byline=0#t=\"><\/iframe>\t\t<\/div>\n\t\t\t\t<\/div>\n\t\t\t\t<\/div>\n\t\t\t\t<div class=\"elementor-element elementor-element-cb40c3d elementor-widget elementor-widget-heading\" data-id=\"cb40c3d\" data-element_type=\"widget\" data-widget_type=\"heading.default\">\n\t\t\t\t<div class=\"elementor-widget-container\">\n\t\t\t<style>\/*! elementor - v3.12.1 - 02-04-2023 *\/\n.elementor-heading-title{padding:0;margin:0;line-height:1}.elementor-widget-heading .elementor-heading-title[class*=elementor-size-]>a{color:inherit;font-size:inherit;line-height:inherit}.elementor-widget-heading .elementor-heading-title.elementor-size-small{font-size:15px}.elementor-widget-heading .elementor-heading-title.elementor-size-medium{font-size:19px}.elementor-widget-heading .elementor-heading-title.elementor-size-large{font-size:29px}.elementor-widget-heading .elementor-heading-title.elementor-size-xl{font-size:39px}.elementor-widget-heading .elementor-heading-title.elementor-size-xxl{font-size:59px}<\/style><div class=\"elementor-heading-title elementor-size-default\">Marcha Batida \u2013 Parte 1<\/div>\t\t<\/div>\n\t\t\t\t<\/div>\n\t\t\t\t\t<\/div>\n\t\t\t\t<\/div>\n\t\t<div class=\"elementor-element elementor-element-ad7cf50 e-con-boxed e-con\" data-id=\"ad7cf50\" data-element_type=\"container\" data-settings=\"{&quot;background_background&quot;:&quot;classic&quot;,&quot;content_width&quot;:&quot;boxed&quot;}\">\n\t\t\t\t\t<div class=\"e-con-inner\">\n\t\t\t\t<div class=\"elementor-element elementor-element-aa5d872 elementor-widget elementor-widget-video\" data-id=\"aa5d872\" data-element_type=\"widget\" data-settings=\"{&quot;video_type&quot;:&quot;vimeo&quot;}\" data-widget_type=\"video.default\">\n\t\t\t\t<div class=\"elementor-widget-container\">\n\t\t\t\t\t<div class=\"elementor-wrapper elementor-open-inline\">\n\t\t\t<iframe class=\"elementor-video-iframe\" allowfullscreen title=\"Player de V\u00eddeo vimeo\" src=\"https:\/\/player.vimeo.com\/video\/69350233?color&amp;autopause=0&amp;loop=0&amp;muted=0&amp;title=0&amp;portrait=0&amp;byline=0#t=\"><\/iframe>\t\t<\/div>\n\t\t\t\t<\/div>\n\t\t\t\t<\/div>\n\t\t\t\t<div class=\"elementor-element elementor-element-a334b54 elementor-widget elementor-widget-heading\" data-id=\"a334b54\" data-element_type=\"widget\" data-widget_type=\"heading.default\">\n\t\t\t\t<div class=\"elementor-widget-container\">\n\t\t\t<div class=\"elementor-heading-title elementor-size-default\">Marcha Batida \u2013 Parte 2<\/div>\t\t<\/div>\n\t\t\t\t<\/div>\n\t\t\t\t\t<\/div>\n\t\t\t\t<\/div>\n\t\t\t\t\t<\/div>\n\t\t\t\t<\/div>\n\t\t<div class=\"elementor-element elementor-element-a10ec31 e-con-boxed e-con\" data-id=\"a10ec31\" data-element_type=\"container\" data-settings=\"{&quot;content_width&quot;:&quot;boxed&quot;}\">\n\t\t\t\t\t<div class=\"e-con-inner\">\n\t\t<div class=\"elementor-element elementor-element-8af4354 e-con-boxed e-con\" data-id=\"8af4354\" data-element_type=\"container\" data-settings=\"{&quot;background_background&quot;:&quot;classic&quot;,&quot;content_width&quot;:&quot;boxed&quot;}\">\n\t\t\t\t\t<div class=\"e-con-inner\">\n\t\t\t\t<div class=\"elementor-element elementor-element-be2e472 elementor-widget elementor-widget-video\" data-id=\"be2e472\" data-element_type=\"widget\" data-settings=\"{&quot;video_type&quot;:&quot;vimeo&quot;}\" data-widget_type=\"video.default\">\n\t\t\t\t<div class=\"elementor-widget-container\">\n\t\t\t\t\t<div class=\"elementor-wrapper elementor-open-inline\">\n\t\t\t<iframe class=\"elementor-video-iframe\" allowfullscreen title=\"Player de V\u00eddeo vimeo\" src=\"https:\/\/player.vimeo.com\/video\/69350234?color&amp;autopause=0&amp;loop=0&amp;muted=0&amp;title=0&amp;portrait=0&amp;byline=0#t=\"><\/iframe>\t\t<\/div>\n\t\t\t\t<\/div>\n\t\t\t\t<\/div>\n\t\t\t\t<div class=\"elementor-element elementor-element-21bfa02 elementor-widget elementor-widget-heading\" data-id=\"21bfa02\" data-element_type=\"widget\" data-widget_type=\"heading.default\">\n\t\t\t\t<div class=\"elementor-widget-container\">\n\t\t\t<div class=\"elementor-heading-title elementor-size-default\">Marcha de Centro<\/div>\t\t<\/div>\n\t\t\t\t<\/div>\n\t\t\t\t\t<\/div>\n\t\t\t\t<\/div>\n\t\t<div class=\"elementor-element elementor-element-957a801 e-con-boxed e-con\" data-id=\"957a801\" data-element_type=\"container\" data-settings=\"{&quot;background_background&quot;:&quot;classic&quot;,&quot;content_width&quot;:&quot;boxed&quot;}\">\n\t\t\t\t\t<div class=\"e-con-inner\">\n\t\t\t\t<div class=\"elementor-element elementor-element-fc58549 elementor-widget elementor-widget-video\" data-id=\"fc58549\" data-element_type=\"widget\" data-settings=\"{&quot;video_type&quot;:&quot;vimeo&quot;}\" data-widget_type=\"video.default\">\n\t\t\t\t<div class=\"elementor-widget-container\">\n\t\t\t\t\t<div class=\"elementor-wrapper elementor-open-inline\">\n\t\t\t<iframe class=\"elementor-video-iframe\" allowfullscreen title=\"Player de V\u00eddeo vimeo\" src=\"https:\/\/player.vimeo.com\/video\/69350236?color&amp;autopause=0&amp;loop=0&amp;muted=0&amp;title=0&amp;portrait=0&amp;byline=0#t=\"><\/iframe>\t\t<\/div>\n\t\t\t\t<\/div>\n\t\t\t\t<\/div>\n\t\t\t\t<div class=\"elementor-element elementor-element-7ad0662 elementor-widget elementor-widget-heading\" data-id=\"7ad0662\" data-element_type=\"widget\" data-widget_type=\"heading.default\">\n\t\t\t\t<div class=\"elementor-widget-container\">\n\t\t\t<div class=\"elementor-heading-title elementor-size-default\">Marcha Picada<\/div>\t\t<\/div>\n\t\t\t\t<\/div>\n\t\t\t\t\t<\/div>\n\t\t\t\t<\/div>\n\t\t\t\t\t<\/div>\n\t\t\t\t<\/div>\n\t\t<div class=\"elementor-element elementor-element-e6c658e e-con-boxed e-con\" data-id=\"e6c658e\" data-element_type=\"container\" data-settings=\"{&quot;content_width&quot;:&quot;boxed&quot;}\">\n\t\t\t\t\t<div class=\"e-con-inner\">\n\t\t<div class=\"elementor-element elementor-element-21e1785 e-con-boxed e-con\" data-id=\"21e1785\" data-element_type=\"container\" data-settings=\"{&quot;background_background&quot;:&quot;classic&quot;,&quot;content_width&quot;:&quot;boxed&quot;}\">\n\t\t\t\t\t<div class=\"e-con-inner\">\n\t\t\t\t<div class=\"elementor-element elementor-element-591ff73 elementor-widget elementor-widget-video\" data-id=\"591ff73\" data-element_type=\"widget\" data-settings=\"{&quot;video_type&quot;:&quot;vimeo&quot;}\" data-widget_type=\"video.default\">\n\t\t\t\t<div class=\"elementor-widget-container\">\n\t\t\t\t\t<div class=\"elementor-wrapper elementor-open-inline\">\n\t\t\t<iframe class=\"elementor-video-iframe\" allowfullscreen title=\"Player de V\u00eddeo vimeo\" src=\"https:\/\/player.vimeo.com\/video\/69350237?color&amp;autopause=0&amp;loop=0&amp;muted=0&amp;title=0&amp;portrait=0&amp;byline=0#t=\"><\/iframe>\t\t<\/div>\n\t\t\t\t<\/div>\n\t\t\t\t<\/div>\n\t\t\t\t<div class=\"elementor-element elementor-element-7a91b20 elementor-widget elementor-widget-heading\" data-id=\"7a91b20\" data-element_type=\"widget\" data-widget_type=\"heading.default\">\n\t\t\t\t<div class=\"elementor-widget-container\">\n\t\t\t<div class=\"elementor-heading-title elementor-size-default\">Marcha Progressiva<\/div>\t\t<\/div>\n\t\t\t\t<\/div>\n\t\t\t\t\t<\/div>\n\t\t\t\t<\/div>\n\t\t<div class=\"elementor-element elementor-element-da9aeff e-con-boxed e-con\" data-id=\"da9aeff\" data-element_type=\"container\" data-settings=\"{&quot;background_background&quot;:&quot;classic&quot;,&quot;content_width&quot;:&quot;boxed&quot;}\">\n\t\t\t\t\t<div class=\"e-con-inner\">\n\t\t\t\t<div class=\"elementor-element elementor-element-1013bd5 elementor-widget elementor-widget-video\" data-id=\"1013bd5\" data-element_type=\"widget\" data-settings=\"{&quot;video_type&quot;:&quot;vimeo&quot;}\" data-widget_type=\"video.default\">\n\t\t\t\t<div class=\"elementor-widget-container\">\n\t\t\t\t\t<div class=\"elementor-wrapper elementor-open-inline\">\n\t\t\t<iframe class=\"elementor-video-iframe\" allowfullscreen title=\"Player de V\u00eddeo vimeo\" src=\"https:\/\/player.vimeo.com\/video\/69350239?color&amp;autopause=0&amp;loop=0&amp;muted=0&amp;title=0&amp;portrait=0&amp;byline=0#t=\"><\/iframe>\t\t<\/div>\n\t\t\t\t<\/div>\n\t\t\t\t<\/div>\n\t\t\t\t<div class=\"elementor-element elementor-element-f2d8996 elementor-widget elementor-widget-heading\" data-id=\"f2d8996\" data-element_type=\"widget\" data-widget_type=\"heading.default\">\n\t\t\t\t<div class=\"elementor-widget-container\">\n\t\t\t<div class=\"elementor-heading-title elementor-size-default\">Trote<\/div>\t\t<\/div>\n\t\t\t\t<\/div>\n\t\t\t\t\t<\/div>\n\t\t\t\t<\/div>\n\t\t\t\t\t<\/div>\n\t\t\t\t<\/div>\n\t\t\t\t\t\t\t<\/div>\n\t\t","protected":false},"excerpt":{"rendered":"<p>Marcha Batida \u2013 Parte 1 Marcha Batida \u2013 Parte 2 Marcha de Centro Marcha Picada Marcha Progressiva Trote<\/p>\n","protected":false},"author":3,"featured_media":0,"parent":0,"menu_order":0,"comment_status":"closed","ping_status":"closed","template":"","meta":{"footnotes":""},"class_list":["post-177","page","type-page","status-publish","hentry"],"yoast_head":"<!-- This site is optimized with the Yoast SEO plugin v20.5 - https:\/\/yoast.com\/wordpress\/plugins\/seo\/ -->\n<title>Tipo de Andamento da Ra\u00e7a Pampa - Associa\u00e7\u00e3o Brasileira dos Criadores do Cavalo Pampa - ABCPAMPA<\/title>\n<meta name=\"robots\" content=\"index, follow, max-snippet:-1, max-image-preview:large, max-video-preview:-1\" \/>\n<link rel=\"canonical\" href=\"https:\/\/edyrio.com\/abcpampa\/tipo-de-andamento-da-raca-pampa\/\" \/>\n<meta property=\"og:locale\" content=\"pt_BR\" \/>\n<meta property=\"og:type\" content=\"article\" \/>\n<meta property=\"og:title\" content=\"Tipo de Andamento da Ra\u00e7a Pampa - Associa\u00e7\u00e3o Brasileira dos Criadores do Cavalo Pampa - ABCPAMPA\" \/>\n<meta property=\"og:description\" content=\"Marcha Batida \u2013 Parte 1 Marcha Batida \u2013 Parte 2 Marcha de Centro Marcha Picada Marcha Progressiva Trote\" \/>\n<meta property=\"og:url\" content=\"https:\/\/edyrio.com\/abcpampa\/tipo-de-andamento-da-raca-pampa\/\" \/>\n<meta property=\"og:site_name\" content=\"Associa\u00e7\u00e3o Brasileira dos Criadores do Cavalo Pampa - ABCPAMPA\" \/>\n<meta property=\"article:publisher\" content=\"https:\/\/www.facebook.com\/abcpampa\/\" \/>\n<meta property=\"article:modified_time\" content=\"2023-04-13T21:54:38+00:00\" \/>\n<meta name=\"twitter:card\" content=\"summary_large_image\" \/>\n<meta name=\"twitter:label1\" content=\"Est. tempo de leitura\" \/>\n\t<meta name=\"twitter:data1\" content=\"1 minuto\" \/>\n<script type=\"application\/ld+json\" class=\"yoast-schema-graph\">{\"@context\":\"https:\/\/schema.org\",\"@graph\":[{\"@type\":\"WebPage\",\"@id\":\"https:\/\/edyrio.com\/abcpampa\/tipo-de-andamento-da-raca-pampa\/\",\"url\":\"https:\/\/edyrio.com\/abcpampa\/tipo-de-andamento-da-raca-pampa\/\",\"name\":\"Tipo de Andamento da Ra\u00e7a Pampa - Associa\u00e7\u00e3o Brasileira dos Criadores do Cavalo Pampa - ABCPAMPA\",\"isPartOf\":{\"@id\":\"https:\/\/edyrio.com\/abcpampa\/#website\"},\"datePublished\":\"2023-02-28T22:16:32+00:00\",\"dateModified\":\"2023-04-13T21:54:38+00:00\",\"breadcrumb\":{\"@id\":\"https:\/\/edyrio.com\/abcpampa\/tipo-de-andamento-da-raca-pampa\/#breadcrumb\"},\"inLanguage\":\"pt-BR\",\"potentialAction\":[{\"@type\":\"ReadAction\",\"target\":[\"https:\/\/edyrio.com\/abcpampa\/tipo-de-andamento-da-raca-pampa\/\"]}]},{\"@type\":\"BreadcrumbList\",\"@id\":\"https:\/\/edyrio.com\/abcpampa\/tipo-de-andamento-da-raca-pampa\/#breadcrumb\",\"itemListElement\":[{\"@type\":\"ListItem\",\"position\":1,\"name\":\"In\u00edcio\",\"item\":\"https:\/\/edyrio.com\/abcpampa\/\"},{\"@type\":\"ListItem\",\"position\":2,\"name\":\"Tipo de Andamento da Ra\u00e7a Pampa\"}]},{\"@type\":\"WebSite\",\"@id\":\"https:\/\/edyrio.com\/abcpampa\/#website\",\"url\":\"https:\/\/edyrio.com\/abcpampa\/\",\"name\":\"ABCPAMPA - Associa\u00e7\u00e3o Brasileira dos Criadores do Cavalo Pampa\",\"description\":\"Associa\u00e7\u00e3o foi criada para fomentar a cria\u00e7\u00e3o do cavalo Pampa em todo o pa\u00eds, congregando criadores, propriet\u00e1rios e usu\u00e1rios, realizando e supervisionando o Servi\u00e7o de Registro Geneal\u00f3gico, promovendo exposi\u00e7\u00f5es e leil\u00f5es, apoiando pesquisas, simp\u00f3sios, congressos e semin\u00e1rios em torno do cavalo Pampa.\",\"publisher\":{\"@id\":\"https:\/\/edyrio.com\/abcpampa\/#organization\"},\"potentialAction\":[{\"@type\":\"SearchAction\",\"target\":{\"@type\":\"EntryPoint\",\"urlTemplate\":\"https:\/\/edyrio.com\/abcpampa\/?s={search_term_string}\"},\"query-input\":\"required name=search_term_string\"}],\"inLanguage\":\"pt-BR\"},{\"@type\":\"Organization\",\"@id\":\"https:\/\/edyrio.com\/abcpampa\/#organization\",\"name\":\"ABCPAMPA - Associa\u00e7\u00e3o Brasileira dos Criadores do Cavalo Pampa\",\"url\":\"https:\/\/edyrio.com\/abcpampa\/\",\"logo\":{\"@type\":\"ImageObject\",\"inLanguage\":\"pt-BR\",\"@id\":\"https:\/\/edyrio.com\/abcpampa\/#\/schema\/logo\/image\/\",\"url\":\"https:\/\/edyrio.com\/abcpampa\/wp-content\/uploads\/2023\/02\/logo.png\",\"contentUrl\":\"https:\/\/edyrio.com\/abcpampa\/wp-content\/uploads\/2023\/02\/logo.png\",\"width\":2366,\"height\":624,\"caption\":\"ABCPAMPA - Associa\u00e7\u00e3o Brasileira dos Criadores do Cavalo Pampa\"},\"image\":{\"@id\":\"https:\/\/edyrio.com\/abcpampa\/#\/schema\/logo\/image\/\"},\"sameAs\":[\"https:\/\/www.facebook.com\/abcpampa\/\",\"https:\/\/www.youtube.com\/user\/abcpampa\"]}]}<\/script>\n<!-- \/ Yoast SEO plugin. -->","yoast_head_json":{"title":"Tipo de Andamento da Ra\u00e7a Pampa - Associa\u00e7\u00e3o Brasileira dos Criadores do Cavalo Pampa - ABCPAMPA","robots":{"index":"index","follow":"follow","max-snippet":"max-snippet:-1","max-image-preview":"max-image-preview:large","max-video-preview":"max-video-preview:-1"},"canonical":"https:\/\/edyrio.com\/abcpampa\/tipo-de-andamento-da-raca-pampa\/","og_locale":"pt_BR","og_type":"article","og_title":"Tipo de Andamento da Ra\u00e7a Pampa - Associa\u00e7\u00e3o Brasileira dos Criadores do Cavalo Pampa - ABCPAMPA","og_description":"Marcha Batida \u2013 Parte 1 Marcha Batida \u2013 Parte 2 Marcha de Centro Marcha Picada Marcha Progressiva Trote","og_url":"https:\/\/edyrio.com\/abcpampa\/tipo-de-andamento-da-raca-pampa\/","og_site_name":"Associa\u00e7\u00e3o Brasileira dos Criadores do Cavalo Pampa - ABCPAMPA","article_publisher":"https:\/\/www.facebook.com\/abcpampa\/","article_modified_time":"2023-04-13T21:54:38+00:00","twitter_card":"summary_large_image","twitter_misc":{"Est. tempo de leitura":"1 minuto"},"schema":{"@context":"https:\/\/schema.org","@graph":[{"@type":"WebPage","@id":"https:\/\/edyrio.com\/abcpampa\/tipo-de-andamento-da-raca-pampa\/","url":"https:\/\/edyrio.com\/abcpampa\/tipo-de-andamento-da-raca-pampa\/","name":"Tipo de Andamento da Ra\u00e7a Pampa - Associa\u00e7\u00e3o Brasileira dos Criadores do Cavalo Pampa - ABCPAMPA","isPartOf":{"@id":"https:\/\/edyrio.com\/abcpampa\/#website"},"datePublished":"2023-02-28T22:16:32+00:00","dateModified":"2023-04-13T21:54:38+00:00","breadcrumb":{"@id":"https:\/\/edyrio.com\/abcpampa\/tipo-de-andamento-da-raca-pampa\/#breadcrumb"},"inLanguage":"pt-BR","potentialAction":[{"@type":"ReadAction","target":["https:\/\/edyrio.com\/abcpampa\/tipo-de-andamento-da-raca-pampa\/"]}]},{"@type":"BreadcrumbList","@id":"https:\/\/edyrio.com\/abcpampa\/tipo-de-andamento-da-raca-pampa\/#breadcrumb","itemListElement":[{"@type":"ListItem","position":1,"name":"In\u00edcio","item":"https:\/\/edyrio.com\/abcpampa\/"},{"@type":"ListItem","position":2,"name":"Tipo de Andamento da Ra\u00e7a Pampa"}]},{"@type":"WebSite","@id":"https:\/\/edyrio.com\/abcpampa\/#website","url":"https:\/\/edyrio.com\/abcpampa\/","name":"ABCPAMPA - Associa\u00e7\u00e3o Brasileira dos Criadores do Cavalo Pampa","description":"Associa\u00e7\u00e3o foi criada para fomentar a cria\u00e7\u00e3o do cavalo Pampa em todo o pa\u00eds, congregando criadores, propriet\u00e1rios e usu\u00e1rios, realizando e supervisionando o Servi\u00e7o de Registro Geneal\u00f3gico, promovendo exposi\u00e7\u00f5es e leil\u00f5es, apoiando pesquisas, simp\u00f3sios, congressos e semin\u00e1rios em torno do cavalo Pampa.","publisher":{"@id":"https:\/\/edyrio.com\/abcpampa\/#organization"},"potentialAction":[{"@type":"SearchAction","target":{"@type":"EntryPoint","urlTemplate":"https:\/\/edyrio.com\/abcpampa\/?s={search_term_string}"},"query-input":"required name=search_term_string"}],"inLanguage":"pt-BR"},{"@type":"Organization","@id":"https:\/\/edyrio.com\/abcpampa\/#organization","name":"ABCPAMPA - Associa\u00e7\u00e3o Brasileira dos Criadores do Cavalo Pampa","url":"https:\/\/edyrio.com\/abcpampa\/","logo":{"@type":"ImageObject","inLanguage":"pt-BR","@id":"https:\/\/edyrio.com\/abcpampa\/#\/schema\/logo\/image\/","url":"https:\/\/edyrio.com\/abcpampa\/wp-content\/uploads\/2023\/02\/logo.png","contentUrl":"https:\/\/edyrio.com\/abcpampa\/wp-content\/uploads\/2023\/02\/logo.png","width":2366,"height":624,"caption":"ABCPAMPA - Associa\u00e7\u00e3o Brasileira dos Criadores do Cavalo Pampa"},"image":{"@id":"https:\/\/edyrio.com\/abcpampa\/#\/schema\/logo\/image\/"},"sameAs":["https:\/\/www.facebook.com\/abcpampa\/","https:\/\/www.youtube.com\/user\/abcpampa"]}]}},"_links":{"self":[{"href":"https:\/\/edyrio.com\/abcpampa\/wp-json\/wp\/v2\/pages\/177","targetHints":{"allow":["GET"]}}],"collection":[{"href":"https:\/\/edyrio.com\/abcpampa\/wp-json\/wp\/v2\/pages"}],"about":[{"href":"https:\/\/edyrio.com\/abcpampa\/wp-json\/wp\/v2\/types\/page"}],"author":[{"embeddable":true,"href":"https:\/\/edyrio.com\/abcpampa\/wp-json\/wp\/v2\/users\/3"}],"replies":[{"embeddable":true,"href":"https:\/\/edyrio.com\/abcpampa\/wp-json\/wp\/v2\/comments?post=177"}],"version-history":[{"count":0,"href":"https:\/\/edyrio.com\/abcpampa\/wp-json\/wp\/v2\/pages\/177\/revisions"}],"wp:attachment":[{"href":"https:\/\/edyrio.com\/abcpampa\/wp-json\/wp\/v2\/media?parent=177"}],"curies":[{"name":"wp","href":"https:\/\/api.w.org\/{rel}","templated":true}]}}