{"id":397,"date":"2023-03-07T21:46:03","date_gmt":"2023-03-08T00:46:03","guid":{"rendered":"https:\/\/edyrio.com\/abcpampa\/?page_id=397"},"modified":"2023-03-07T21:51:54","modified_gmt":"2023-03-08T00:51:54","slug":"hino-do-pampa","status":"publish","type":"page","link":"https:\/\/edyrio.com\/abcpampa\/hino-do-pampa\/","title":{"rendered":"Hino do Pampa"},"content":{"rendered":"\t\t<div data-elementor-type=\"wp-page\" data-elementor-id=\"397\" class=\"elementor elementor-397\">\n\t\t\t\t\t\t\t\t\t<section class=\"elementor-section elementor-top-section elementor-element elementor-element-6f108b2 elementor-section-boxed elementor-section-height-default elementor-section-height-default\" data-id=\"6f108b2\" data-element_type=\"section\">\n\t\t\t\t\t\t<div class=\"elementor-container elementor-column-gap-default\">\n\t\t\t\t\t<div class=\"elementor-column elementor-col-100 elementor-top-column elementor-element elementor-element-a8643b9\" data-id=\"a8643b9\" data-element_type=\"column\">\n\t\t\t<div class=\"elementor-widget-wrap elementor-element-populated\">\n\t\t\t\t\t\t\t\t<div class=\"elementor-element elementor-element-349131 elementor-widget elementor-widget-text-editor\" data-id=\"349131\" data-element_type=\"widget\" data-widget_type=\"text-editor.default\">\n\t\t\t\t<div class=\"elementor-widget-container\">\n\t\t\t<style>\/*! elementor - v3.12.1 - 02-04-2023 *\/\n.elementor-widget-text-editor.elementor-drop-cap-view-stacked .elementor-drop-cap{background-color:#69727d;color:#fff}.elementor-widget-text-editor.elementor-drop-cap-view-framed .elementor-drop-cap{color:#69727d;border:3px solid;background-color:transparent}.elementor-widget-text-editor:not(.elementor-drop-cap-view-default) .elementor-drop-cap{margin-top:8px}.elementor-widget-text-editor:not(.elementor-drop-cap-view-default) .elementor-drop-cap-letter{width:1em;height:1em}.elementor-widget-text-editor .elementor-drop-cap{float:left;text-align:center;line-height:1;font-size:50px}.elementor-widget-text-editor .elementor-drop-cap-letter{display:inline-block}<\/style>\t\t\t\t<!-- wp:html -->\n<iframe loading=\"lazy\" width=\"100%\" height=\"150\" scrolling=\"no\" frameborder=\"no\" src=\"https:\/\/w.soundcloud.com\/player\/?url=https%3A\/\/api.soundcloud.com\/tracks\/285298746&amp;color=ff5500&amp;auto_play=false&amp;hide_related=true&amp;show_comments=false&amp;show_user=false&amp;show_reposts=false\">\t\t\t\t\t\t\t\t\t\t\t\t\t\t\t\t<\/iframe>\n<!-- \/wp:html -->\t\t\t\t\t\t<\/div>\n\t\t\t\t<\/div>\n\t\t\t\t<div class=\"elementor-element elementor-element-0d94a0a elementor-align-center elementor-widget elementor-widget-button\" data-id=\"0d94a0a\" data-element_type=\"widget\" data-widget_type=\"button.default\">\n\t\t\t\t<div class=\"elementor-widget-container\">\n\t\t\t\t\t<div class=\"elementor-button-wrapper\">\n\t\t\t<a href=\"https:\/\/edyrio.com\/abcpampa\/hino-do-pampa\/hino_pampa-2\/\" class=\"elementor-button-link elementor-button elementor-size-sm\" role=\"button\">\n\t\t\t\t\t\t<span class=\"elementor-button-content-wrapper\">\n\t\t\t\t\t\t\t<span class=\"elementor-button-icon elementor-align-icon-left\">\n\t\t\t\t<i aria-hidden=\"true\" class=\"fas fa-download\"><\/i>\t\t\t<\/span>\n\t\t\t\t\t\t<span class=\"elementor-button-text\">Clique para Baixar o Hino do Pampa<\/span>\n\t\t<\/span>\n\t\t\t\t\t<\/a>\n\t\t<\/div>\n\t\t\t\t<\/div>\n\t\t\t\t<\/div>\n\t\t\t\t\t<\/div>\n\t\t<\/div>\n\t\t\t\t\t\t\t<\/div>\n\t\t<\/section>\n\t\t\t\t\t\t\t<\/div>\n\t\t","protected":false},"excerpt":{"rendered":"<p>Clique para Baixar o Hino do Pampa<\/p>\n","protected":false},"author":3,"featured_media":0,"parent":0,"menu_order":0,"comment_status":"closed","ping_status":"closed","template":"","meta":{"footnotes":""},"class_list":["post-397","page","type-page","status-publish","hentry"],"yoast_head":"<!-- This site is optimized with the Yoast SEO plugin v20.5 - https:\/\/yoast.com\/wordpress\/plugins\/seo\/ -->\n<title>Hino do Pampa - Associa\u00e7\u00e3o Brasileira dos Criadores do Cavalo Pampa - ABCPAMPA<\/title>\n<meta name=\"robots\" content=\"index, follow, max-snippet:-1, max-image-preview:large, max-video-preview:-1\" \/>\n<link rel=\"canonical\" href=\"https:\/\/edyrio.com\/abcpampa\/hino-do-pampa\/\" \/>\n<meta property=\"og:locale\" content=\"pt_BR\" \/>\n<meta property=\"og:type\" content=\"article\" \/>\n<meta property=\"og:title\" content=\"Hino do Pampa - Associa\u00e7\u00e3o Brasileira dos Criadores do Cavalo Pampa - ABCPAMPA\" \/>\n<meta property=\"og:description\" content=\"Clique para Baixar o Hino do Pampa\" \/>\n<meta property=\"og:url\" content=\"https:\/\/edyrio.com\/abcpampa\/hino-do-pampa\/\" \/>\n<meta property=\"og:site_name\" content=\"Associa\u00e7\u00e3o Brasileira dos Criadores do Cavalo Pampa - ABCPAMPA\" \/>\n<meta property=\"article:publisher\" content=\"https:\/\/www.facebook.com\/abcpampa\/\" \/>\n<meta property=\"article:modified_time\" content=\"2023-03-08T00:51:54+00:00\" \/>\n<meta name=\"twitter:card\" content=\"summary_large_image\" \/>\n<meta name=\"twitter:label1\" content=\"Est. tempo de leitura\" \/>\n\t<meta name=\"twitter:data1\" content=\"1 minuto\" \/>\n<script type=\"application\/ld+json\" class=\"yoast-schema-graph\">{\"@context\":\"https:\/\/schema.org\",\"@graph\":[{\"@type\":\"WebPage\",\"@id\":\"https:\/\/edyrio.com\/abcpampa\/hino-do-pampa\/\",\"url\":\"https:\/\/edyrio.com\/abcpampa\/hino-do-pampa\/\",\"name\":\"Hino do Pampa - Associa\u00e7\u00e3o Brasileira dos Criadores do Cavalo Pampa - ABCPAMPA\",\"isPartOf\":{\"@id\":\"https:\/\/edyrio.com\/abcpampa\/#website\"},\"datePublished\":\"2023-03-08T00:46:03+00:00\",\"dateModified\":\"2023-03-08T00:51:54+00:00\",\"breadcrumb\":{\"@id\":\"https:\/\/edyrio.com\/abcpampa\/hino-do-pampa\/#breadcrumb\"},\"inLanguage\":\"pt-BR\",\"potentialAction\":[{\"@type\":\"ReadAction\",\"target\":[\"https:\/\/edyrio.com\/abcpampa\/hino-do-pampa\/\"]}]},{\"@type\":\"BreadcrumbList\",\"@id\":\"https:\/\/edyrio.com\/abcpampa\/hino-do-pampa\/#breadcrumb\",\"itemListElement\":[{\"@type\":\"ListItem\",\"position\":1,\"name\":\"In\u00edcio\",\"item\":\"https:\/\/edyrio.com\/abcpampa\/\"},{\"@type\":\"ListItem\",\"position\":2,\"name\":\"Hino do Pampa\"}]},{\"@type\":\"WebSite\",\"@id\":\"https:\/\/edyrio.com\/abcpampa\/#website\",\"url\":\"https:\/\/edyrio.com\/abcpampa\/\",\"name\":\"ABCPAMPA - Associa\u00e7\u00e3o Brasileira dos Criadores do Cavalo Pampa\",\"description\":\"Associa\u00e7\u00e3o foi criada para fomentar a cria\u00e7\u00e3o do cavalo Pampa em todo o pa\u00eds, congregando criadores, propriet\u00e1rios e usu\u00e1rios, realizando e supervisionando o Servi\u00e7o de Registro Geneal\u00f3gico, promovendo exposi\u00e7\u00f5es e leil\u00f5es, apoiando pesquisas, simp\u00f3sios, congressos e semin\u00e1rios em torno do cavalo Pampa.\",\"publisher\":{\"@id\":\"https:\/\/edyrio.com\/abcpampa\/#organization\"},\"potentialAction\":[{\"@type\":\"SearchAction\",\"target\":{\"@type\":\"EntryPoint\",\"urlTemplate\":\"https:\/\/edyrio.com\/abcpampa\/?s={search_term_string}\"},\"query-input\":\"required name=search_term_string\"}],\"inLanguage\":\"pt-BR\"},{\"@type\":\"Organization\",\"@id\":\"https:\/\/edyrio.com\/abcpampa\/#organization\",\"name\":\"ABCPAMPA - Associa\u00e7\u00e3o Brasileira dos Criadores do Cavalo Pampa\",\"url\":\"https:\/\/edyrio.com\/abcpampa\/\",\"logo\":{\"@type\":\"ImageObject\",\"inLanguage\":\"pt-BR\",\"@id\":\"https:\/\/edyrio.com\/abcpampa\/#\/schema\/logo\/image\/\",\"url\":\"https:\/\/edyrio.com\/abcpampa\/wp-content\/uploads\/2023\/02\/logo.png\",\"contentUrl\":\"https:\/\/edyrio.com\/abcpampa\/wp-content\/uploads\/2023\/02\/logo.png\",\"width\":2366,\"height\":624,\"caption\":\"ABCPAMPA - Associa\u00e7\u00e3o Brasileira dos Criadores do Cavalo Pampa\"},\"image\":{\"@id\":\"https:\/\/edyrio.com\/abcpampa\/#\/schema\/logo\/image\/\"},\"sameAs\":[\"https:\/\/www.facebook.com\/abcpampa\/\",\"https:\/\/www.youtube.com\/user\/abcpampa\"]}]}<\/script>\n<!-- \/ Yoast SEO plugin. -->","yoast_head_json":{"title":"Hino do Pampa - Associa\u00e7\u00e3o Brasileira dos Criadores do Cavalo Pampa - ABCPAMPA","robots":{"index":"index","follow":"follow","max-snippet":"max-snippet:-1","max-image-preview":"max-image-preview:large","max-video-preview":"max-video-preview:-1"},"canonical":"https:\/\/edyrio.com\/abcpampa\/hino-do-pampa\/","og_locale":"pt_BR","og_type":"article","og_title":"Hino do Pampa - Associa\u00e7\u00e3o Brasileira dos Criadores do Cavalo Pampa - ABCPAMPA","og_description":"Clique para Baixar o Hino do Pampa","og_url":"https:\/\/edyrio.com\/abcpampa\/hino-do-pampa\/","og_site_name":"Associa\u00e7\u00e3o Brasileira dos Criadores do Cavalo Pampa - ABCPAMPA","article_publisher":"https:\/\/www.facebook.com\/abcpampa\/","article_modified_time":"2023-03-08T00:51:54+00:00","twitter_card":"summary_large_image","twitter_misc":{"Est. tempo de leitura":"1 minuto"},"schema":{"@context":"https:\/\/schema.org","@graph":[{"@type":"WebPage","@id":"https:\/\/edyrio.com\/abcpampa\/hino-do-pampa\/","url":"https:\/\/edyrio.com\/abcpampa\/hino-do-pampa\/","name":"Hino do Pampa - Associa\u00e7\u00e3o Brasileira dos Criadores do Cavalo Pampa - ABCPAMPA","isPartOf":{"@id":"https:\/\/edyrio.com\/abcpampa\/#website"},"datePublished":"2023-03-08T00:46:03+00:00","dateModified":"2023-03-08T00:51:54+00:00","breadcrumb":{"@id":"https:\/\/edyrio.com\/abcpampa\/hino-do-pampa\/#breadcrumb"},"inLanguage":"pt-BR","potentialAction":[{"@type":"ReadAction","target":["https:\/\/edyrio.com\/abcpampa\/hino-do-pampa\/"]}]},{"@type":"BreadcrumbList","@id":"https:\/\/edyrio.com\/abcpampa\/hino-do-pampa\/#breadcrumb","itemListElement":[{"@type":"ListItem","position":1,"name":"In\u00edcio","item":"https:\/\/edyrio.com\/abcpampa\/"},{"@type":"ListItem","position":2,"name":"Hino do Pampa"}]},{"@type":"WebSite","@id":"https:\/\/edyrio.com\/abcpampa\/#website","url":"https:\/\/edyrio.com\/abcpampa\/","name":"ABCPAMPA - Associa\u00e7\u00e3o Brasileira dos Criadores do Cavalo Pampa","description":"Associa\u00e7\u00e3o foi criada para fomentar a cria\u00e7\u00e3o do cavalo Pampa em todo o pa\u00eds, congregando criadores, propriet\u00e1rios e usu\u00e1rios, realizando e supervisionando o Servi\u00e7o de Registro Geneal\u00f3gico, promovendo exposi\u00e7\u00f5es e leil\u00f5es, apoiando pesquisas, simp\u00f3sios, congressos e semin\u00e1rios em torno do cavalo Pampa.","publisher":{"@id":"https:\/\/edyrio.com\/abcpampa\/#organization"},"potentialAction":[{"@type":"SearchAction","target":{"@type":"EntryPoint","urlTemplate":"https:\/\/edyrio.com\/abcpampa\/?s={search_term_string}"},"query-input":"required name=search_term_string"}],"inLanguage":"pt-BR"},{"@type":"Organization","@id":"https:\/\/edyrio.com\/abcpampa\/#organization","name":"ABCPAMPA - Associa\u00e7\u00e3o Brasileira dos Criadores do Cavalo Pampa","url":"https:\/\/edyrio.com\/abcpampa\/","logo":{"@type":"ImageObject","inLanguage":"pt-BR","@id":"https:\/\/edyrio.com\/abcpampa\/#\/schema\/logo\/image\/","url":"https:\/\/edyrio.com\/abcpampa\/wp-content\/uploads\/2023\/02\/logo.png","contentUrl":"https:\/\/edyrio.com\/abcpampa\/wp-content\/uploads\/2023\/02\/logo.png","width":2366,"height":624,"caption":"ABCPAMPA - Associa\u00e7\u00e3o Brasileira dos Criadores do Cavalo Pampa"},"image":{"@id":"https:\/\/edyrio.com\/abcpampa\/#\/schema\/logo\/image\/"},"sameAs":["https:\/\/www.facebook.com\/abcpampa\/","https:\/\/www.youtube.com\/user\/abcpampa"]}]}},"_links":{"self":[{"href":"https:\/\/edyrio.com\/abcpampa\/wp-json\/wp\/v2\/pages\/397","targetHints":{"allow":["GET"]}}],"collection":[{"href":"https:\/\/edyrio.com\/abcpampa\/wp-json\/wp\/v2\/pages"}],"about":[{"href":"https:\/\/edyrio.com\/abcpampa\/wp-json\/wp\/v2\/types\/page"}],"author":[{"embeddable":true,"href":"https:\/\/edyrio.com\/abcpampa\/wp-json\/wp\/v2\/users\/3"}],"replies":[{"embeddable":true,"href":"https:\/\/edyrio.com\/abcpampa\/wp-json\/wp\/v2\/comments?post=397"}],"version-history":[{"count":0,"href":"https:\/\/edyrio.com\/abcpampa\/wp-json\/wp\/v2\/pages\/397\/revisions"}],"wp:attachment":[{"href":"https:\/\/edyrio.com\/abcpampa\/wp-json\/wp\/v2\/media?parent=397"}],"curies":[{"name":"wp","href":"https:\/\/api.w.org\/{rel}","templated":true}]}}