{"id":82,"date":"2023-02-28T10:12:12","date_gmt":"2023-02-28T13:12:12","guid":{"rendered":"https:\/\/edyrio.com\/abcpampa\/?page_id=82"},"modified":"2023-03-06T16:52:15","modified_gmt":"2023-03-06T19:52:15","slug":"institucional","status":"publish","type":"page","link":"https:\/\/edyrio.com\/abcpampa\/institucional\/","title":{"rendered":"Institucional"},"content":{"rendered":"\n<p>A Associa\u00e7\u00e3o Brasileira dos Criadores do Cavalo Pampa (ABCPampa) foi fundada em 02 de agosto de 1993 pelo selecionador e estudioso de cavalos M\u00e1rcio de Andrade (11\/06\/31 \u2013 15\/03\/1997), juntamente com colaboradores.<\/p>\n\n\n\n<p>\u00c0 exce\u00e7\u00e3o da ra\u00e7a Piquira, em todas as outras ra\u00e7as nacionais, a pelagem pampa vinha sendo sistem\u00e1tica e deliberadamente discriminada nas exposi\u00e7\u00f5es. Era uma injusti\u00e7a e um contrassenso, pois a beleza dessa pelagem sempre foi de gosto universal, em todas as \u00e9pocas.<br><br>Nos Estados Unidos j\u00e1 coexistiam com sucesso tr\u00eas associa\u00e7\u00f5es de cavalos pampas \u2013 Pinto, a mais antiga; a Paint Horse, a de maior crescimento na \u00e9poca e a mais nova delas; e a de pampas de sela, denominada \u201cSpotted Saddle Horse Association. Como o Paint Horse havia sido introduzido no Brasil, corria-se o risco de perder um numero significativo de \u00e9guas pampas que poderiam ser aproveitadas como \u00e9guas base pelo Registro Geneal\u00f3gico daquela entidade. Outro fator relevante foi a cria\u00e7\u00e3o de tr\u00eas outras associa\u00e7\u00f5es americanas com base na pelagem: as Apaloosa, Palomino e Albino.<br><br>Toda esta conjuntura sinalizava positivamente para a funda\u00e7\u00e3o da ABCPampa j\u00e1 no final da d\u00e9cada de 80. Todavia, a ideia foi adiada, devido aos graves problemas de sa\u00fade que acometeram M\u00e1rcio de Andrade, o primeiro presidente da entidade. Em 1993, a ABCPampa tornou-se realidade e passou a funcionar em espa\u00e7o cedido pela Associa\u00e7\u00e3o Brasileira dos Criadores do Jumento P\u00eaga. A essa acolhida, a ABCPampa reserva at\u00e9 hoje um enorme agradecimento. O endere\u00e7o era r. S\u00e3o Paulo, 893, no 12\u00ba andar. Mais tarde a ABCPampa conseguiu um espa\u00e7o no Parque de Exposi\u00e7\u00f5es da Gameleira junto \u00e0s associa\u00e7\u00f5es de criadores de gado e, em 2002, teve sua \u00e1rea ampliada, permanecendo em outras instala\u00e7\u00f5es no interior da Gameleira viabilizadas pelo diretor de eventos do Instituto Mineiro de Agropecu\u00e1ria (IMA), Itamar Coelho, junto ao secret\u00e1rio Raul Bel\u00e9m, falecido em outubro de 2001.<br><\/p>\n\n\n\n<h4 class=\"wp-block-heading\">Dificuldades iniciais<\/h4>\n\n\n\n<p>Dentre as dificuldades iniciais que antecederam a funda\u00e7\u00e3o da ABCPampa, vale a pena citar a necessidade de uma defini\u00e7\u00e3o t\u00e9cnica elucidativa das variedades de pelagens pampas de ocorr\u00eancia nas ra\u00e7as brasileiras. Al\u00e9m do mais, predominavam diversas terminologias regionais.<\/p>\n\n\n\n<p>&nbsp;A fixa\u00e7\u00e3o da pelagem n\u00e3o seria problema, devido \u00e0 domin\u00e2ncia gen\u00e9tica da pelagem pampa padr\u00e3o. Quais seriam as bases gen\u00e9ticas a serem aceitas? Seria dif\u00edcil acomodar prefer\u00eancias baseadas nos padr\u00f5es raciais nitidamente heterog\u00eaneos em vigor para as ra\u00e7as nacionais. Neste aspecto, era sabido que seria essencial evitar as influ\u00eancias de ra\u00e7as ex\u00f3ticas, principalmente as do Quarto de Milha e \u00c1rabe, ambas portadoras de um tipo morfol\u00f3gico bastante diferente das ra\u00e7as nacionais. Outra d\u00favida foi quanto aos andamentos, aceitar somente a marcha em suas variedades ou o trote convencional tamb\u00e9m? Para acomodar estas situa\u00e7\u00f5es, foram criados inicialmente dois padr\u00f5es raciais, conhecidos como Pampa SL \u2013 de Servi\u00e7o e Lazer , e Pampa SE \u2013 de Servi\u00e7o e Esporte. O primeiro, com um ideal de marcha bem definido \u2013 a leg\u00edtima \u201cmarcha de centro\u201d, e o segundo, podendo aceitar a marcha trotada ou o trote convencional. O objetivo b\u00e1sico seria formar o cavalo pampa brasileiro de sela, com fun\u00e7\u00f5es espec\u00edficas no esporte e no lazer, aliando a beleza e a fun\u00e7\u00e3o para atender um mercado imensur\u00e1vel de usu\u00e1rios e se tornando uma ra\u00e7a e n\u00e3o um agrupamento de animais de mesma pelagem. Neste particular, buscou-se o conceito de ra\u00e7a em Zootecnia moderna. Ra\u00e7a \u00e9 qualquer popula\u00e7\u00e3o com controle geneal\u00f3gico oficial interno, popula\u00e7\u00e3o esta que deve apresentar uma ou algumas caracter\u00edsticas fenot\u00edpicas (morfol\u00f3gicas e\/ou funcionais) em comum e herd\u00e1veis com razo\u00e1vel fixidez.&nbsp;<\/p>\n\n\n\n<p>Na Pampa a condi\u00e7\u00e3o de controle geneal\u00f3gico \u00e9 exercida pela ABCPampa. A condi\u00e7\u00e3o de caracter\u00edsticas funcionais em comum \u00e9 trilhada pelas v\u00e1rias provas oficiais obrigat\u00f3rias em todas as exposi\u00e7\u00f5es. A caracter\u00edstica ou caracter\u00edsticas morfol\u00f3gicas em comum s\u00e3o buscadas pela refer\u00eancia do padr\u00e3o oficial que norteia os criadores e s\u00e3o marcadas, entre outras coisas, pelas malhas ou manchas brancas de pelagem conjugada de todos. A razo\u00e1vel fixidez na herdabilidade da ou das caracter\u00edsticas em comum \u00e9 representada pelo nascimento de 75%, ou mais, de crias com a pelagem pampa. A ABCPAMPA foi criada com a finalidade principal de fomentar a cria\u00e7\u00e3o do cavalo Pampa em todo o pa\u00eds, congregando criadores, propriet\u00e1rios e usu\u00e1rios, realizando e supervisionando o Servi\u00e7o de Registro Geneal\u00f3gico, promovendo exposi\u00e7\u00f5es e leil\u00f5es, apoiando pesquisas, simp\u00f3sios, congressos e semin\u00e1rios em torno do cavalo Pampa.<\/p>\n\n\n\n<h4 class=\"wp-block-heading\">A Origem<\/h4>\n\n\n\n<p>No Brasil, n\u00e3o h\u00e1 registro de uma data precisa da primeira introdu\u00e7\u00e3o de animais pampas, mas acredita-se que a pelagem foi introduzida atrav\u00e9s de alguns poucos cavalos de origem b\u00e9rbere, trazidos pelos colonizadores portugueses e, principalmente, pelos cavalos holandeses, quando da invas\u00e3o de Pernambuco. Com estas ra\u00e7as, tamb\u00e9m foi introduzido no Brasil um tipo de andamento naturalmente marchado, raz\u00e3o pela qual o Pampa brasileiro apresenta, al\u00e9m de suas bel\u00edssimas variedades de pelagens, outro relevante fator diferencial de mercado: a marcha.&nbsp;<\/p>\n\n\n\n<p>Esta caracter\u00edstica funcional qualifica o cavalo Pampa nacional como um eq\u00fcino ideal para o lazer \u2013 passeios, turismo eq\u00fcestre, cavalgadas, enduros de regularidade. No mercado internacional, um Pampa marchador \u00e9 uma \u201cj\u00f3ia\u201d de inestim\u00e1vel valor, e raridade! A origem do nome pampa \u00e9 a seguinte: Em meados do s\u00e9culo XIX o brigadeiro Rafael Tobias Aguiar, vencido na revolta da prov\u00edncia de Sorocaba, interior de S\u00e3o Paulo, fugiu com seu ex\u00e9rcito para o Rio Grande do Sul, onde aderiu \u00e0 batalha dos Farrapos. A maioria dos soldados montavam cavalos pampas, inicialmente conhecidos no sul como tobianos. Quando do retorno \u00e0 S\u00e3o Paulo, estes cavalos passaram a ser gradualmente conhecidos no resto do pa\u00eds como os cavalos dos \u201cPampas\u201d (codinome do Estado do Rio Grande do Sul).<\/p>\n\n\n\n<p>&nbsp;Ao contr\u00e1rio dos objetivos da APHA \u2013 American Paint Horse Association, a ABCPampa \u2013 Associa\u00e7\u00e3o Brasileira dos Criadores do Cavalo Pampa, n\u00e3o registra animais descendentes do Quarto de Milha, e, praticamente, de todas as ra\u00e7as ex\u00f3ticas, a fim de n\u00e3o descaracterizar o tipo morfol\u00f3gico do Pampa nacional. O cavalo pampa brasileiro est\u00e1 sendo formado com base em um padr\u00e3o morfol\u00f3gico internacional tipo sela, preservando-se todas as modalidades de andamentos, que exprimem o real significado de um animal destinado a diversas funcionalidades.<\/p>\n","protected":false},"excerpt":{"rendered":"<p>A Associa\u00e7\u00e3o Brasileira dos Criadores do Cavalo Pampa (ABCPampa) foi fundada em 02 de agosto de 1993 pelo selecionador e estudioso de cavalos M\u00e1rcio de Andrade (11\/06\/31 \u2013 15\/03\/1997), juntamente com colaboradores. \u00c0 exce\u00e7\u00e3o da ra\u00e7a Piquira, em todas as outras ra\u00e7as nacionais, a pelagem pampa vinha sendo sistem\u00e1tica e deliberadamente discriminada nas exposi\u00e7\u00f5es. Era [&hellip;]<\/p>\n","protected":false},"author":3,"featured_media":0,"parent":0,"menu_order":0,"comment_status":"closed","ping_status":"closed","template":"","meta":{"footnotes":""},"class_list":["post-82","page","type-page","status-publish","hentry"],"yoast_head":"<!-- This site is optimized with the Yoast SEO plugin v20.5 - https:\/\/yoast.com\/wordpress\/plugins\/seo\/ -->\n<title>Institucional - Associa\u00e7\u00e3o Brasileira dos Criadores do Cavalo Pampa - ABCPAMPA<\/title>\n<meta name=\"robots\" content=\"index, follow, max-snippet:-1, max-image-preview:large, max-video-preview:-1\" \/>\n<link rel=\"canonical\" href=\"https:\/\/edyrio.com\/abcpampa\/institucional\/\" \/>\n<meta property=\"og:locale\" content=\"pt_BR\" \/>\n<meta property=\"og:type\" content=\"article\" \/>\n<meta property=\"og:title\" content=\"Institucional - Associa\u00e7\u00e3o Brasileira dos Criadores do Cavalo Pampa - ABCPAMPA\" \/>\n<meta property=\"og:description\" content=\"A Associa\u00e7\u00e3o Brasileira dos Criadores do Cavalo Pampa (ABCPampa) foi fundada em 02 de agosto de 1993 pelo selecionador e estudioso de cavalos M\u00e1rcio de Andrade (11\/06\/31 \u2013 15\/03\/1997), juntamente com colaboradores. \u00c0 exce\u00e7\u00e3o da ra\u00e7a Piquira, em todas as outras ra\u00e7as nacionais, a pelagem pampa vinha sendo sistem\u00e1tica e deliberadamente discriminada nas exposi\u00e7\u00f5es. Era [&hellip;]\" \/>\n<meta property=\"og:url\" content=\"https:\/\/edyrio.com\/abcpampa\/institucional\/\" \/>\n<meta property=\"og:site_name\" content=\"Associa\u00e7\u00e3o Brasileira dos Criadores do Cavalo Pampa - ABCPAMPA\" \/>\n<meta property=\"article:publisher\" content=\"https:\/\/www.facebook.com\/abcpampa\/\" \/>\n<meta property=\"article:modified_time\" content=\"2023-03-06T19:52:15+00:00\" \/>\n<meta name=\"twitter:card\" content=\"summary_large_image\" \/>\n<meta name=\"twitter:label1\" content=\"Est. tempo de leitura\" \/>\n\t<meta name=\"twitter:data1\" content=\"6 minutos\" \/>\n<script type=\"application\/ld+json\" class=\"yoast-schema-graph\">{\"@context\":\"https:\/\/schema.org\",\"@graph\":[{\"@type\":\"WebPage\",\"@id\":\"https:\/\/edyrio.com\/abcpampa\/institucional\/\",\"url\":\"https:\/\/edyrio.com\/abcpampa\/institucional\/\",\"name\":\"Institucional - Associa\u00e7\u00e3o Brasileira dos Criadores do Cavalo Pampa - ABCPAMPA\",\"isPartOf\":{\"@id\":\"https:\/\/edyrio.com\/abcpampa\/#website\"},\"datePublished\":\"2023-02-28T13:12:12+00:00\",\"dateModified\":\"2023-03-06T19:52:15+00:00\",\"breadcrumb\":{\"@id\":\"https:\/\/edyrio.com\/abcpampa\/institucional\/#breadcrumb\"},\"inLanguage\":\"pt-BR\",\"potentialAction\":[{\"@type\":\"ReadAction\",\"target\":[\"https:\/\/edyrio.com\/abcpampa\/institucional\/\"]}]},{\"@type\":\"BreadcrumbList\",\"@id\":\"https:\/\/edyrio.com\/abcpampa\/institucional\/#breadcrumb\",\"itemListElement\":[{\"@type\":\"ListItem\",\"position\":1,\"name\":\"In\u00edcio\",\"item\":\"https:\/\/edyrio.com\/abcpampa\/\"},{\"@type\":\"ListItem\",\"position\":2,\"name\":\"Institucional\"}]},{\"@type\":\"WebSite\",\"@id\":\"https:\/\/edyrio.com\/abcpampa\/#website\",\"url\":\"https:\/\/edyrio.com\/abcpampa\/\",\"name\":\"ABCPAMPA - Associa\u00e7\u00e3o Brasileira dos Criadores do Cavalo Pampa\",\"description\":\"Associa\u00e7\u00e3o foi criada para fomentar a cria\u00e7\u00e3o do cavalo Pampa em todo o pa\u00eds, congregando criadores, propriet\u00e1rios e usu\u00e1rios, realizando e supervisionando o Servi\u00e7o de Registro Geneal\u00f3gico, promovendo exposi\u00e7\u00f5es e leil\u00f5es, apoiando pesquisas, simp\u00f3sios, congressos e semin\u00e1rios em torno do cavalo Pampa.\",\"publisher\":{\"@id\":\"https:\/\/edyrio.com\/abcpampa\/#organization\"},\"potentialAction\":[{\"@type\":\"SearchAction\",\"target\":{\"@type\":\"EntryPoint\",\"urlTemplate\":\"https:\/\/edyrio.com\/abcpampa\/?s={search_term_string}\"},\"query-input\":\"required name=search_term_string\"}],\"inLanguage\":\"pt-BR\"},{\"@type\":\"Organization\",\"@id\":\"https:\/\/edyrio.com\/abcpampa\/#organization\",\"name\":\"ABCPAMPA - Associa\u00e7\u00e3o Brasileira dos Criadores do Cavalo Pampa\",\"url\":\"https:\/\/edyrio.com\/abcpampa\/\",\"logo\":{\"@type\":\"ImageObject\",\"inLanguage\":\"pt-BR\",\"@id\":\"https:\/\/edyrio.com\/abcpampa\/#\/schema\/logo\/image\/\",\"url\":\"https:\/\/edyrio.com\/abcpampa\/wp-content\/uploads\/2023\/02\/logo.png\",\"contentUrl\":\"https:\/\/edyrio.com\/abcpampa\/wp-content\/uploads\/2023\/02\/logo.png\",\"width\":2366,\"height\":624,\"caption\":\"ABCPAMPA - Associa\u00e7\u00e3o Brasileira dos Criadores do Cavalo Pampa\"},\"image\":{\"@id\":\"https:\/\/edyrio.com\/abcpampa\/#\/schema\/logo\/image\/\"},\"sameAs\":[\"https:\/\/www.facebook.com\/abcpampa\/\",\"https:\/\/www.youtube.com\/user\/abcpampa\"]}]}<\/script>\n<!-- \/ Yoast SEO plugin. -->","yoast_head_json":{"title":"Institucional - Associa\u00e7\u00e3o Brasileira dos Criadores do Cavalo Pampa - ABCPAMPA","robots":{"index":"index","follow":"follow","max-snippet":"max-snippet:-1","max-image-preview":"max-image-preview:large","max-video-preview":"max-video-preview:-1"},"canonical":"https:\/\/edyrio.com\/abcpampa\/institucional\/","og_locale":"pt_BR","og_type":"article","og_title":"Institucional - Associa\u00e7\u00e3o Brasileira dos Criadores do Cavalo Pampa - ABCPAMPA","og_description":"A Associa\u00e7\u00e3o Brasileira dos Criadores do Cavalo Pampa (ABCPampa) foi fundada em 02 de agosto de 1993 pelo selecionador e estudioso de cavalos M\u00e1rcio de Andrade (11\/06\/31 \u2013 15\/03\/1997), juntamente com colaboradores. \u00c0 exce\u00e7\u00e3o da ra\u00e7a Piquira, em todas as outras ra\u00e7as nacionais, a pelagem pampa vinha sendo sistem\u00e1tica e deliberadamente discriminada nas exposi\u00e7\u00f5es. Era [&hellip;]","og_url":"https:\/\/edyrio.com\/abcpampa\/institucional\/","og_site_name":"Associa\u00e7\u00e3o Brasileira dos Criadores do Cavalo Pampa - ABCPAMPA","article_publisher":"https:\/\/www.facebook.com\/abcpampa\/","article_modified_time":"2023-03-06T19:52:15+00:00","twitter_card":"summary_large_image","twitter_misc":{"Est. tempo de leitura":"6 minutos"},"schema":{"@context":"https:\/\/schema.org","@graph":[{"@type":"WebPage","@id":"https:\/\/edyrio.com\/abcpampa\/institucional\/","url":"https:\/\/edyrio.com\/abcpampa\/institucional\/","name":"Institucional - Associa\u00e7\u00e3o Brasileira dos Criadores do Cavalo Pampa - ABCPAMPA","isPartOf":{"@id":"https:\/\/edyrio.com\/abcpampa\/#website"},"datePublished":"2023-02-28T13:12:12+00:00","dateModified":"2023-03-06T19:52:15+00:00","breadcrumb":{"@id":"https:\/\/edyrio.com\/abcpampa\/institucional\/#breadcrumb"},"inLanguage":"pt-BR","potentialAction":[{"@type":"ReadAction","target":["https:\/\/edyrio.com\/abcpampa\/institucional\/"]}]},{"@type":"BreadcrumbList","@id":"https:\/\/edyrio.com\/abcpampa\/institucional\/#breadcrumb","itemListElement":[{"@type":"ListItem","position":1,"name":"In\u00edcio","item":"https:\/\/edyrio.com\/abcpampa\/"},{"@type":"ListItem","position":2,"name":"Institucional"}]},{"@type":"WebSite","@id":"https:\/\/edyrio.com\/abcpampa\/#website","url":"https:\/\/edyrio.com\/abcpampa\/","name":"ABCPAMPA - Associa\u00e7\u00e3o Brasileira dos Criadores do Cavalo Pampa","description":"Associa\u00e7\u00e3o foi criada para fomentar a cria\u00e7\u00e3o do cavalo Pampa em todo o pa\u00eds, congregando criadores, propriet\u00e1rios e usu\u00e1rios, realizando e supervisionando o Servi\u00e7o de Registro Geneal\u00f3gico, promovendo exposi\u00e7\u00f5es e leil\u00f5es, apoiando pesquisas, simp\u00f3sios, congressos e semin\u00e1rios em torno do cavalo Pampa.","publisher":{"@id":"https:\/\/edyrio.com\/abcpampa\/#organization"},"potentialAction":[{"@type":"SearchAction","target":{"@type":"EntryPoint","urlTemplate":"https:\/\/edyrio.com\/abcpampa\/?s={search_term_string}"},"query-input":"required name=search_term_string"}],"inLanguage":"pt-BR"},{"@type":"Organization","@id":"https:\/\/edyrio.com\/abcpampa\/#organization","name":"ABCPAMPA - Associa\u00e7\u00e3o Brasileira dos Criadores do Cavalo Pampa","url":"https:\/\/edyrio.com\/abcpampa\/","logo":{"@type":"ImageObject","inLanguage":"pt-BR","@id":"https:\/\/edyrio.com\/abcpampa\/#\/schema\/logo\/image\/","url":"https:\/\/edyrio.com\/abcpampa\/wp-content\/uploads\/2023\/02\/logo.png","contentUrl":"https:\/\/edyrio.com\/abcpampa\/wp-content\/uploads\/2023\/02\/logo.png","width":2366,"height":624,"caption":"ABCPAMPA - Associa\u00e7\u00e3o Brasileira dos Criadores do Cavalo Pampa"},"image":{"@id":"https:\/\/edyrio.com\/abcpampa\/#\/schema\/logo\/image\/"},"sameAs":["https:\/\/www.facebook.com\/abcpampa\/","https:\/\/www.youtube.com\/user\/abcpampa"]}]}},"_links":{"self":[{"href":"https:\/\/edyrio.com\/abcpampa\/wp-json\/wp\/v2\/pages\/82","targetHints":{"allow":["GET"]}}],"collection":[{"href":"https:\/\/edyrio.com\/abcpampa\/wp-json\/wp\/v2\/pages"}],"about":[{"href":"https:\/\/edyrio.com\/abcpampa\/wp-json\/wp\/v2\/types\/page"}],"author":[{"embeddable":true,"href":"https:\/\/edyrio.com\/abcpampa\/wp-json\/wp\/v2\/users\/3"}],"replies":[{"embeddable":true,"href":"https:\/\/edyrio.com\/abcpampa\/wp-json\/wp\/v2\/comments?post=82"}],"version-history":[{"count":0,"href":"https:\/\/edyrio.com\/abcpampa\/wp-json\/wp\/v2\/pages\/82\/revisions"}],"wp:attachment":[{"href":"https:\/\/edyrio.com\/abcpampa\/wp-json\/wp\/v2\/media?parent=82"}],"curies":[{"name":"wp","href":"https:\/\/api.w.org\/{rel}","templated":true}]}}